{"id":1894,"date":"2023-09-11T17:40:55","date_gmt":"2023-09-11T15:40:55","guid":{"rendered":"https:\/\/dsgroup.intarget.net\/cookie-policy\/"},"modified":"2024-11-05T13:30:48","modified_gmt":"2024-11-05T12:30:48","slug":"cookie-policy","status":"publish","type":"page","link":"https:\/\/www.combenia.com\/it\/cookie-policy\/","title":{"rendered":"Cookie Policy"},"content":{"rendered":"<p>Qui di seguito, il titolare del Sito,\u00a0<strong>DS Group S.p.A.<\/strong>\u00a0(\u201c<strong>DS Group<\/strong>\u201d), con sede legale in Corso Venezia 36, 20121 \u2013 Milano (MI), indirizzo e-mail <a href=\"mailto:privacy@dsgroup.it\">privacy@dsgroup.it<\/a> e (di seguito, per brevit\u00e0, \u201c<strong>Titolare<\/strong>\u201d), fornisce all\u2019utente tutte le informazioni sui cookie installati sul sito <a href=\"https:\/\/www.combenia.com\/\">https:\/\/www.combenia.com\/<\/a> (di seguito, per brevit\u00e0, \u201c<strong>Utente<\/strong>\u201d e \u201c<strong>Sito<\/strong>\u201d) e le indicazioni necessarie su come gestire le proprie preferenze riguardo ad essi. Per avere maggiori informazioni circa i dati e le modalit\u00e0 di trattamento, le categorie di destinatari, i diritti dell\u2019interessato e le modalit\u00e0 per il loro esercizio, si prega di consultare la\u00a0<a href=\"https:\/\/www.combenia.com\/it\/privacy-policy\/\">privacy policy<\/a>\u00a0del Sito.<\/p>\n<p>Il Titolare d\u00e0 atto di aver nominato il responsabile della protezione dei dati (cd. \u201cDPO\u201d) contattabile all\u2019indirizzo <a href=\"mailto:dpo@dsgroup.it\">dpo@dsgroup.it<\/a>.<\/p>\n<p><strong>1. INFORMAZIONI GENERALI SUI COOKIE<\/strong><\/p>\n<p><strong>1.1 Definizione<\/strong><\/p>\n<p>I cookie sono costituiti da piccoli file di testo che i siti visitati dagli utenti inviano ai loro terminali, dove vengono memorizzati per poi essere ritrasmessi agli stessi siti in occasione di visite successive. I cookie sono utilizzati per diverse finalit\u00e0, hanno diverse peculiarit\u00e0 e possono essere utilizzati sia dal titolare del sito che l\u2019utente sta visitando, sia da terze parti. Le principali categorie in cui sono suddivisibili i cookie sono le seguenti:<\/p>\n<ul>\n<li>cookie di sessione o permanenti;<\/li>\n<li>cookie tecnici o di profilazione;<\/li>\n<li>cookie di prima parte o di terze parti.<\/li>\n<\/ul>\n<p><strong>1.2 Cookie di sessione e permanenti<\/strong><\/p>\n<p>I cookie possono scadere al termine di una sessione del browser (il periodo fra l\u2019apertura di una finestra del browser da parte dell\u2019Utente e la sua chiusura) oppure possono essere conservati per un arco di tempo pi\u00f9 lungo. I cookie di sessione sono quelli che consentono ai siti web di collegare le azioni di un utente durante una sessione del browser. I cookie di sessione scadono quando termina la sessione del browser. I cookie permanenti sono conservati sul dispositivo di un utente tra le sessioni del browser, per periodi di tempo variabili, e permettono di memorizzare le preferenze o le azioni dell\u2019Utente rispetto a un sito web.<\/p>\n<p><strong>1.3 Cookie tecnici e di profilazione<\/strong><\/p>\n<p>I cookie tecnici sono quelli utilizzati dal titolare di un sito al solo fine di effettuare la trasmissione di una comunicazione su una rete di comunicazione elettronica, o nella misura strettamente necessaria al fornitore di un servizio della societ\u00e0 dell\u2019informazione esplicitamente richiesto dall\u2019abbonato o dall\u2019utente a erogare tale servizio. Per l\u2019installazione di tali cookie non \u00e8 richiesto il preventivo consenso degli utenti laddove utilizzati direttamente dal gestore del sito.<\/p>\n<p>I cookie di profilazione sono volti a creare profili relativi all\u2019utente e vengono utilizzati al fine di inviare messaggi pubblicitari in linea con le preferenze manifestate dallo stesso nell\u2019ambito della navigazione in rete. In ragione della particolare invasivit\u00e0 che tali cookie possono avere nell\u2019ambito della sfera privata degli utenti, la normativa europea e italiana prevede che l\u2019Utente debba essere adeguatamente informato sull\u2019uso degli stessi, tramite una informativa breve (banner) ed una estesa presente sul sito, e che debba esprimere il proprio espresso consenso al riguardo la prima volta che visita il sito. Tale consenso pu\u00f2 essere espresso interagendo con il banner di informativa breve presente sulla pagina di approdo del sito, con le modalit\u00e0 indicate in tale banner, oppure pu\u00f2 essere fornito o negato in maniera selettiva, secondo le modalit\u00e0 di seguito indicate. Di questo consenso, viene tenuta traccia in occasione delle visite successive. Tuttavia, l\u2019utente ha sempre la possibilit\u00e0 di revocare in tutto o in parte il consenso gi\u00e0 espresso.<\/p>\n<p><strong>1.4 Cookie di prima parte e di terze parti<\/strong><\/p>\n<p>Un cookie \u00e8 \u201cdi prima parte\u201d (c.d. first party cookie) o \u201cdi terze parti\u201d (c.d. third party cookie) in base al sito web o al dominio da cui proviene.<\/p>\n<p>I cookie di prima parte sono, in sostanza, i cookie impostati e gestiti dal titolare del sito, mentre i cookie di terza parte sono i cookie impostati da un dominio diverso da quello visitato dall\u2019utente.<\/p>\n<p><strong>2. UTILIZZO DEI COOKIE DA PARTE DEL SITO<\/strong><\/p>\n<p>Attraverso questo Sito, vengono utilizzati cookie gestiti da terze parti (third party cookie).<\/p>\n<p>La prima volta che navigherai sul Sito, visualizzerai un banner che ti chieder\u00e0 di accettare tutti i cookie (cliccando su \u201caccetta tutto\u201d), rifiutare quelli non necessari (cliccando su \u201crifiuta tutto\u201d) o di personalizzare le tue scelte, attraverso il pulsante \u201cpersonalizza\u201d. Inoltre, cliccando sulla X posta in alto a destra al banner cookie, potrai rifiutare i cookie non necessari. I cookie sono considerati necessari quando servono per garantire il funzionamento e la fornitura del Sito e, pertanto, non richiedono il consenso per la loro installazione.<\/p>\n<p>Cliccando su \u201cpersonalizza\u201d, l\u2019utente pu\u00f2 selezionare e\/o disabilitare i cookie in qualsiasi momento utilizzando l\u2019apposita area denominata \u201cPersonalizza\u201d disponibile all\u2019interno del banner cookie mostrato all\u2019Utente durante il primo accesso oppure attraverso appositi link presenti nel Sito. Tale funzionalit\u00e0 consente all\u2019utente di accedere ad un\u2019area dedicata nella quale poter selezionare, in modo analitico, i cookie raggruppati per categorie omogenee, al cui utilizzo l\u2019utente sceglie di acconsentire o di disabilitare, nonch\u00e9 confermare le precedenti scelte. L\u2019elenco dei cookie raggruppati per categorie omogenee, nonch\u00e9 l\u2019elenco delle terze parti \u00e8 costantemente aggiornato.<\/p>\n<p>Inoltre, l\u2019utente pu\u00f2 gestire le preferenze relative ai cookie direttamente all\u2019interno del proprio browser ed impedire \u2013 ad esempio \u2013 che terze parti possano installarne. Tramite le preferenze del browser \u00e8 inoltre possibile eliminare i cookie installati in passato, incluso il cookie in cui venga eventualmente salvato il consenso all\u2019installazione di cookie da parte del presente Sito. \u00c8 importante notare che disabilitando tutti i cookie, il funzionamento di questo Sito potrebbe essere compromesso. Puoi trovare informazioni su come gestire e\/o bloccare i cookie nel tuo browser ai seguenti indirizzi:<\/p>\n<ul>\n<li><strong><a href=\"https:\/\/support.google.com\/chrome\/answer\/95647?hl=it&amp;p=cpn_cookies\" target=\"_blank\" rel=\"noopener\">Google Chrome<\/a><\/strong><\/li>\n<li><strong><a href=\"https:\/\/support.mozilla.org\/it\/kb\/protezione-antitracciamento-avanzata-firefox-desktop?redirectslug=Attivare+e+disattivare+i+cookie&amp;redirectlocale=it\" target=\"_blank\" rel=\"noopener\">Mozilla Firefox<\/a><\/strong><\/li>\n<li><strong><a href=\"https:\/\/support.apple.com\/it-it\/guide\/safari\/sfri11471\/mac\" target=\"_blank\" rel=\"noopener\">Apple Safari<\/a><\/strong><\/li>\n<li><strong><a href=\"https:\/\/support.microsoft.com\/it-it\/windows\/eliminare-e-gestire-i-cookie-168dab11-0753-043d-7c16-ede5947fc64d\" target=\"_blank\" rel=\"noopener\">Microsoft Windows Explorer<\/a><\/strong><\/li>\n<li><strong><a href=\"https:\/\/support.microsoft.com\/it-it\/microsoft-edge\/eliminare-i-cookie-in-microsoft-edge-63947406-40ac-c3b8-57b9-2a946a29ae09\" target=\"_blank\" rel=\"noopener\">Microsoft Edge<\/a><\/strong><\/li>\n<\/ul>\n<p><strong>3. AGGIORNAMENTO DELLA PRESENTE COOKIE POLICY<\/strong><\/p>\n<p>La presente cookie policy \u00e8 stata aggiornata il 05.11.2024. Eventuali aggiornamenti saranno sempre pubblicati in questa pagina.<\/p>\n","protected":false},"excerpt":{"rendered":"<p>Qui di seguito, il titolare del Sito,\u00a0DS Group S.p.A.\u00a0(\u201cDS Group\u201d), con sede legale in Corso Venezia 36, 20121 \u2013 Milano (MI), indirizzo e-mail privacy@dsgroup.it e (di seguito, per brevit\u00e0, \u201cTitolare\u201d), fornisce all\u2019utente tutte le informazioni sui cookie installati sul sito https:\/\/www.combenia.com\/ (di seguito, per brevit\u00e0, \u201cUtente\u201d e \u201cSito\u201d) e le indicazioni necessarie su come gestire &hellip; <a href=\"https:\/\/www.combenia.com\/it\/cookie-policy\/\">Continued<\/a><\/p>\n","protected":false},"author":1,"featured_media":0,"parent":0,"menu_order":0,"comment_status":"closed","ping_status":"closed","template":"","meta":{"_acf_changed":false,"inline_featured_image":false,"_monsterinsights_skip_tracking":false,"_monsterinsights_sitenote_active":false,"_monsterinsights_sitenote_note":"","_monsterinsights_sitenote_category":0,"footnotes":""},"class_list":["post-1894","page","type-page","status-publish","hentry"],"acf":[],"yoast_head":"<!-- This site is optimized with the Yoast SEO plugin v25.0 - https:\/\/yoast.com\/wordpress\/plugins\/seo\/ -->\n<title>Cookie Policy - DS Group<\/title>\n<meta name=\"robots\" content=\"index, follow, max-snippet:-1, max-image-preview:large, max-video-preview:-1\" \/>\n<link rel=\"canonical\" href=\"https:\/\/www.combenia.com\/it\/cookie-policy\/\" \/>\n<meta property=\"og:locale\" content=\"it_IT\" \/>\n<meta property=\"og:type\" content=\"article\" \/>\n<meta property=\"og:title\" content=\"Cookie Policy - DS Group\" \/>\n<meta property=\"og:description\" content=\"Qui di seguito, il titolare del Sito,\u00a0DS Group S.p.A.\u00a0(\u201cDS Group\u201d), con sede legale in Corso Venezia 36, 20121 \u2013 Milano (MI), indirizzo e-mail privacy@dsgroup.it e (di seguito, per brevit\u00e0, \u201cTitolare\u201d), fornisce all\u2019utente tutte le informazioni sui cookie installati sul sito https:\/\/www.combenia.com\/ (di seguito, per brevit\u00e0, \u201cUtente\u201d e \u201cSito\u201d) e le indicazioni necessarie su come gestire &hellip; Continued\" \/>\n<meta property=\"og:url\" content=\"https:\/\/www.combenia.com\/it\/cookie-policy\/\" \/>\n<meta property=\"og:site_name\" content=\"DS Group\" \/>\n<meta property=\"article:modified_time\" content=\"2024-11-05T12:30:48+00:00\" \/>\n<meta name=\"twitter:card\" content=\"summary_large_image\" \/>\n<meta name=\"twitter:label1\" content=\"Tempo di lettura stimato\" \/>\n\t<meta name=\"twitter:data1\" content=\"5 minuti\" \/>\n<script type=\"application\/ld+json\" class=\"yoast-schema-graph\">{\"@context\":\"https:\/\/schema.org\",\"@graph\":[{\"@type\":\"WebPage\",\"@id\":\"https:\/\/www.combenia.com\/it\/cookie-policy\/\",\"url\":\"https:\/\/www.combenia.com\/it\/cookie-policy\/\",\"name\":\"Cookie Policy - DS Group\",\"isPartOf\":{\"@id\":\"https:\/\/www.webdesignroma.it\/en\/#website\"},\"datePublished\":\"2023-09-11T15:40:55+00:00\",\"dateModified\":\"2024-11-05T12:30:48+00:00\",\"breadcrumb\":{\"@id\":\"https:\/\/www.combenia.com\/it\/cookie-policy\/#breadcrumb\"},\"inLanguage\":\"it-IT\",\"potentialAction\":[{\"@type\":\"ReadAction\",\"target\":[\"https:\/\/www.combenia.com\/it\/cookie-policy\/\"]}]},{\"@type\":\"BreadcrumbList\",\"@id\":\"https:\/\/www.combenia.com\/it\/cookie-policy\/#breadcrumb\",\"itemListElement\":[{\"@type\":\"ListItem\",\"position\":1,\"name\":\"Home\",\"item\":\"https:\/\/www.combenia.com\/it\/\"},{\"@type\":\"ListItem\",\"position\":2,\"name\":\"Cookie Policy\"}]},{\"@type\":\"WebSite\",\"@id\":\"https:\/\/www.webdesignroma.it\/en\/#website\",\"url\":\"https:\/\/www.webdesignroma.it\/en\/\",\"name\":\"DS Group\",\"description\":\"\",\"potentialAction\":[{\"@type\":\"SearchAction\",\"target\":{\"@type\":\"EntryPoint\",\"urlTemplate\":\"https:\/\/www.webdesignroma.it\/en\/?s={search_term_string}\"},\"query-input\":{\"@type\":\"PropertyValueSpecification\",\"valueRequired\":true,\"valueName\":\"search_term_string\"}}],\"inLanguage\":\"it-IT\"}]}<\/script>\n<!-- \/ Yoast SEO plugin. -->","yoast_head_json":{"title":"Cookie Policy - DS Group","robots":{"index":"index","follow":"follow","max-snippet":"max-snippet:-1","max-image-preview":"max-image-preview:large","max-video-preview":"max-video-preview:-1"},"canonical":"https:\/\/www.combenia.com\/it\/cookie-policy\/","og_locale":"it_IT","og_type":"article","og_title":"Cookie Policy - DS Group","og_description":"Qui di seguito, il titolare del Sito,\u00a0DS Group S.p.A.\u00a0(\u201cDS Group\u201d), con sede legale in Corso Venezia 36, 20121 \u2013 Milano (MI), indirizzo e-mail privacy@dsgroup.it e (di seguito, per brevit\u00e0, \u201cTitolare\u201d), fornisce all\u2019utente tutte le informazioni sui cookie installati sul sito https:\/\/www.combenia.com\/ (di seguito, per brevit\u00e0, \u201cUtente\u201d e \u201cSito\u201d) e le indicazioni necessarie su come gestire &hellip; Continued","og_url":"https:\/\/www.combenia.com\/it\/cookie-policy\/","og_site_name":"DS Group","article_modified_time":"2024-11-05T12:30:48+00:00","twitter_card":"summary_large_image","twitter_misc":{"Tempo di lettura stimato":"5 minuti"},"schema":{"@context":"https:\/\/schema.org","@graph":[{"@type":"WebPage","@id":"https:\/\/www.combenia.com\/it\/cookie-policy\/","url":"https:\/\/www.combenia.com\/it\/cookie-policy\/","name":"Cookie Policy - DS Group","isPartOf":{"@id":"https:\/\/www.webdesignroma.it\/en\/#website"},"datePublished":"2023-09-11T15:40:55+00:00","dateModified":"2024-11-05T12:30:48+00:00","breadcrumb":{"@id":"https:\/\/www.combenia.com\/it\/cookie-policy\/#breadcrumb"},"inLanguage":"it-IT","potentialAction":[{"@type":"ReadAction","target":["https:\/\/www.combenia.com\/it\/cookie-policy\/"]}]},{"@type":"BreadcrumbList","@id":"https:\/\/www.combenia.com\/it\/cookie-policy\/#breadcrumb","itemListElement":[{"@type":"ListItem","position":1,"name":"Home","item":"https:\/\/www.combenia.com\/it\/"},{"@type":"ListItem","position":2,"name":"Cookie Policy"}]},{"@type":"WebSite","@id":"https:\/\/www.webdesignroma.it\/en\/#website","url":"https:\/\/www.webdesignroma.it\/en\/","name":"DS Group","description":"","potentialAction":[{"@type":"SearchAction","target":{"@type":"EntryPoint","urlTemplate":"https:\/\/www.webdesignroma.it\/en\/?s={search_term_string}"},"query-input":{"@type":"PropertyValueSpecification","valueRequired":true,"valueName":"search_term_string"}}],"inLanguage":"it-IT"}]}},"_links":{"self":[{"href":"https:\/\/www.combenia.com\/it\/wp-json\/wp\/v2\/pages\/1894","targetHints":{"allow":["GET"]}}],"collection":[{"href":"https:\/\/www.combenia.com\/it\/wp-json\/wp\/v2\/pages"}],"about":[{"href":"https:\/\/www.combenia.com\/it\/wp-json\/wp\/v2\/types\/page"}],"author":[{"embeddable":true,"href":"https:\/\/www.combenia.com\/it\/wp-json\/wp\/v2\/users\/1"}],"replies":[{"embeddable":true,"href":"https:\/\/www.combenia.com\/it\/wp-json\/wp\/v2\/comments?post=1894"}],"version-history":[{"count":11,"href":"https:\/\/www.combenia.com\/it\/wp-json\/wp\/v2\/pages\/1894\/revisions"}],"predecessor-version":[{"id":2777,"href":"https:\/\/www.combenia.com\/it\/wp-json\/wp\/v2\/pages\/1894\/revisions\/2777"}],"wp:attachment":[{"href":"https:\/\/www.combenia.com\/it\/wp-json\/wp\/v2\/media?parent=1894"}],"curies":[{"name":"wp","href":"https:\/\/api.w.org\/{rel}","templated":true}]}}